{"id":503,"date":"2023-10-01T20:37:20","date_gmt":"2023-10-01T18:37:20","guid":{"rendered":"https:\/\/demojv.be\/candidatuur\/"},"modified":"2025-10-11T15:50:25","modified_gmt":"2025-10-11T13:50:25","slug":"candidatuur","status":"publish","type":"page","link":"https:\/\/demojv.be\/nl\/candidatuur\/","title":{"rendered":"candidatuur"},"content":{"rendered":"<p>[et_pb_section fb_built=&#8221;1&#8243; fullwidth=&#8221;on&#8221; _builder_version=&#8221;4.21.0&#8243; _module_preset=&#8221;default&#8221; da_disable_devices=&#8221;off|off|off&#8221; global_colors_info=&#8221;{}&#8221; da_is_popup=&#8221;off&#8221; da_exit_intent=&#8221;off&#8221; da_has_close=&#8221;on&#8221; da_alt_close=&#8221;off&#8221; da_dark_close=&#8221;off&#8221; da_not_modal=&#8221;on&#8221; da_is_singular=&#8221;off&#8221; da_with_loader=&#8221;off&#8221; da_has_shadow=&#8221;on&#8221;][et_pb_fullwidth_image src=&#8221;https:\/\/demojv.be\/wp-content\/uploads\/demojv_0.jpg&#8221; title_text=&#8221;demojv_0&#8243; _builder_version=&#8221;4.21.0&#8243; _module_preset=&#8221;default&#8221; custom_margin=&#8221;30px||||false|false&#8221; global_colors_info=&#8221;{}&#8221;][\/et_pb_fullwidth_image][\/et_pb_section][et_pb_section fb_built=&#8221;1&#8243; _builder_version=&#8221;4.21.0&#8243; _module_preset=&#8221;default&#8221; custom_padding=&#8221;||0px|||&#8221; da_disable_devices=&#8221;off|off|off&#8221; global_colors_info=&#8221;{}&#8221; da_is_popup=&#8221;off&#8221; da_exit_intent=&#8221;off&#8221; da_has_close=&#8221;on&#8221; da_alt_close=&#8221;off&#8221; da_dark_close=&#8221;off&#8221; da_not_modal=&#8221;on&#8221; da_is_singular=&#8221;off&#8221; da_with_loader=&#8221;off&#8221; da_has_shadow=&#8221;on&#8221;][et_pb_row column_structure=&#8221;3_4,1_4&#8243; _builder_version=&#8221;4.21.0&#8243; _module_preset=&#8221;default&#8221; global_colors_info=&#8221;{}&#8221;][et_pb_column type=&#8221;3_4&#8243; _builder_version=&#8221;4.21.0&#8243; _module_preset=&#8221;default&#8221; global_colors_info=&#8221;{}&#8221;][et_pb_text _builder_version=&#8221;4.21.0&#8243; _module_preset=&#8221;default&#8221; header_font=&#8221;|700|||||||&#8221; header_font_size=&#8221;20px&#8221; header_2_text_color=&#8221;#63b348&#8243; header_2_font_size=&#8221;35px&#8221; global_colors_info=&#8221;{}&#8221;]<\/p>\n<h2><span>Candidatuur<\/span><\/h2>\n<div id=\"gtx-trans\" style=\"position: absolute; left: -136px; top: 52.25px;\">\n<div class=\"gtx-trans-icon\"><\/div>\n<\/div>\n<p>[\/et_pb_text][et_pb_text _builder_version=&#8221;4.21.0&#8243; _module_preset=&#8221;default&#8221; header_font=&#8221;|700|||||||&#8221; header_font_size=&#8221;20px&#8221; header_2_text_color=&#8221;#63b348&#8243; header_2_font_size=&#8221;30px&#8221; global_colors_info=&#8221;{}&#8221;]<\/p>\n<p>Sinds 1990 kan DEMO J.V. rekenen op een betrouwbaar en gemotiveerd team dat alle sloopwerkzaamheden, metaalbewerking, asbestverwijdering, grondwerken, recycling en bodemsanering<br \/>op professionele wijze uitvoert.<\/p>\n<p>Wenst u uw kennis met ons te delen ? Aarzel niet om ons uw cv te sturen.<\/p>\n<p>Volg ons ook op<a href=\"https:\/\/www.facebook.com\/demo.jv?fref=ts\" target=\"_blank\" rel=\"noopener\"><span> <\/span>Facebook<span> <\/span><\/a>om meer te weten te komen over onze activiteiten en op de hoogte te blijven van onze<br \/>vacatures.<\/p>\n<p>[\/et_pb_text][\/et_pb_column][et_pb_column type=&#8221;1_4&#8243; _builder_version=&#8221;4.21.0&#8243; _module_preset=&#8221;default&#8221; global_colors_info=&#8221;{}&#8221;][et_pb_image src=&#8221;https:\/\/demojv.be\/wp-content\/uploads\/icon_jobs.webp&#8221; title_text=&#8221;icon_jobs&#8221; align=&#8221;center&#8221; _builder_version=&#8221;4.21.0&#8243; _module_preset=&#8221;default&#8221; global_colors_info=&#8221;{}&#8221;][\/et_pb_image][\/et_pb_column][\/et_pb_row][\/et_pb_section][et_pb_section fb_built=&#8221;1&#8243; admin_label=&#8221;Section&#8221; _builder_version=&#8221;4.16&#8243; _module_preset=&#8221;default&#8221; custom_padding=&#8221;0px|||||&#8221; da_disable_devices=&#8221;off|off|off&#8221; locked=&#8221;off&#8221; global_colors_info=&#8221;{}&#8221; da_is_popup=&#8221;off&#8221; da_exit_intent=&#8221;off&#8221; da_has_close=&#8221;on&#8221; da_alt_close=&#8221;off&#8221; da_dark_close=&#8221;off&#8221; da_not_modal=&#8221;on&#8221; da_is_singular=&#8221;off&#8221; da_with_loader=&#8221;off&#8221; da_has_shadow=&#8221;on&#8221;][et_pb_row _builder_version=&#8221;4.21.0&#8243; _module_preset=&#8221;default&#8221; global_colors_info=&#8221;{}&#8221;][et_pb_column type=&#8221;4_4&#8243; _builder_version=&#8221;4.21.0&#8243; _module_preset=&#8221;default&#8221; global_colors_info=&#8221;{}&#8221;][de_fb_form form_id=&#8221;candidaturefrmid&#8221; submit_button_text=&#8221;Envoyer&#8221; redirect_after_success=&#8221;on&#8221; success_message=&#8221;Merci pour le message, nous vous recontacterons sous peu.&#8221; redirect_url_after_submission=&#8221;https:\/\/demojv.be\/contact-thank-you\/&#8221; failed_message=&#8221;D\u00e9sol\u00e9, le formulaire n&#8217;a pas \u00e9t\u00e9 envoy\u00e9, %%message%%&#8221; use_custom_email=&#8221;off&#8221; custom_contact_email=&#8221;demo.etudes.2311@albuma.be&#8221; from_email=&#8221;sender&#8221; from_email_field=&#8221;email_field&#8221; replyto_name=&#8221;lastname_field&#8221; replyto_email=&#8221;email_field&#8221; email_title=&#8221;E-mail du site Demojv.be &#8211; FR &#8211; Page Jobs!&#8221; email_template=&#8221;Bonjour,  Vous venez de recevoir un e-mail envoy\u00e9 via la page %22Jobs FR%22 de votre site. Exp\u00e9diteur  : %%lastname_field%% %%firstname_field%% ( e-mail = %%email_field%% ). T\u00e9l\u00e9phone  : %%phone_field%%. CV : En attachement. %%cv_field%% Le message est :  %%message_field%%    &#8212;&#8211; Accord de recontact : %%rgpdcb_field%%&#8221; _builder_version=&#8221;4.27.2&#8243; _module_preset=&#8221;default&#8221; _unique_id=&#8221;e2e94a72-cd3c-4dbb-87f1-b322a5e8949c&#8221; hover_enabled=&#8221;0&#8243; global_colors_info=&#8221;{}&#8221; google_recaptcha=&#8221;on&#8221; recaptcha_sitekey_type=&#8221;recaptcha_3&#8243; recaptcha_sitekey_v3=&#8221;6LfvC1soAAAAAKA67sDlIvh6yLI1scgnv4_9T0-L&#8221; recaptcha_seckey_v3=&#8221;6LfvC1soAAAAAOzcH0L3YnPQgyCQpZgSyUynKw5S&#8221; sticky_enabled=&#8221;0&#8243;][de_fb_form_field field_title=&#8221;LastName&#8221; field_id=&#8221;lastname_field&#8221; required_mark=&#8221;on&#8221; required_message=&#8221;Champ obligatoire&#8221; required_message_position=&#8221;top&#8221; field_grid_column=&#8221;et_pb_column_1_2&#8243; field_placeholder=&#8221;Nom&#8221; _builder_version=&#8221;4.22.2&#8243; _module_preset=&#8221;default&#8221; form_field_font=&#8221;||||||||&#8221; form_field_font_size=&#8221;18px&#8221; border_radii=&#8221;on|15px|15px|15px|15px&#8221; border_width_all=&#8221;1px&#8221; global_colors_info=&#8221;{}&#8221; form_step=&#8221;0&#8243; current_step=&#8221;0&#8243;][\/de_fb_form_field][de_fb_form_field field_title=&#8221;FirstName&#8221; field_id=&#8221;firstname_field&#8221; required_mark=&#8221;on&#8221; required_message=&#8221;Champ obligatoire&#8221; required_message_position=&#8221;top&#8221; field_grid_column=&#8221;et_pb_column_1_2&#8243; field_placeholder=&#8221;Pr\u00e9nom&#8221; _builder_version=&#8221;4.21.0&#8243; _module_preset=&#8221;default&#8221; form_field_font_size=&#8221;18px&#8221; border_radii=&#8221;on|15px|15px|15px|15px&#8221; border_width_all=&#8221;1px&#8221; global_colors_info=&#8221;{}&#8221; form_step=&#8221;0&#8243; current_step=&#8221;0&#8243;][\/de_fb_form_field][de_fb_form_field field_title=&#8221;Phone&#8221; field_id=&#8221;phone_field&#8221; field_grid_column=&#8221;et_pb_column_1_2&#8243; field_placeholder=&#8221;N\u00b0 de t\u00e9l\u00e9phone&#8221; _builder_version=&#8221;4.21.0&#8243; _module_preset=&#8221;default&#8221; form_field_font_size=&#8221;18px&#8221; border_radii=&#8221;on|15px|15px|15px|15px&#8221; border_width_all=&#8221;1px&#8221; global_colors_info=&#8221;{}&#8221; form_step=&#8221;0&#8243; current_step=&#8221;0&#8243;][\/de_fb_form_field][de_fb_form_field field_title=&#8221;Email&#8221; field_id=&#8221;email_field&#8221; field_type=&#8221;email&#8221; email_message=&#8221;svp, entrez une adresse e-mail valide.&#8221; required_mark=&#8221;on&#8221; required_message=&#8221;Champ obligatoire&#8221; field_grid_column=&#8221;et_pb_column_1_2&#8243; field_placeholder=&#8221;Adresse email&#8221; _builder_version=&#8221;4.21.0&#8243; _module_preset=&#8221;default&#8221; form_field_font_size=&#8221;18px&#8221; border_radii=&#8221;on|15px|15px|15px|15px&#8221; border_width_all=&#8221;1px&#8221; global_colors_info=&#8221;{}&#8221; form_step=&#8221;0&#8243; current_step=&#8221;0&#8243;][\/de_fb_form_field][de_fb_form_field field_title=&#8221;CV&#8221; field_id=&#8221;cv_field&#8221; field_type=&#8221;file&#8221; upload_alt_title=&#8221;Aucun fichier choisi.&#8221; max_file_counts_error=&#8221;Nombre maximum de fichiers d\u00e9pass\u00e9 !&#8221; max_upload_file_size=&#8221;25000000&#8243; max_upload_file_size_error=&#8221;Le fichier t\u00e9l\u00e9charg\u00e9 d\u00e9passe la taille de fichier maximale autoris\u00e9e de 25 Mo, veuillez t\u00e9l\u00e9charger une version plus petite&#8221; accepted_file_types_file=&#8221;pdf&#8221; accepted_file_types_image_error=&#8221;L&#8217;extension du fichier t\u00e9l\u00e9charg\u00e9 n&#8217;est pas accept\u00e9e, veuillez utiliser une autre extension (PDF uniquement).&#8221; upload_error_hide_delay=&#8221;5000ms&#8221; edit_image_instructions=&#8221;Veuillez t\u00e9l\u00e9charger l&#8217;image dans l&#8217;ordre de l&#8217;image ci-dessous.&#8221; remove_file_confirm_message=&#8221;Voulez-vous vraiment supprimer ce fichier ?&#8221; required_mark=&#8221;on&#8221; required_message=&#8221;Champ obligatoire&#8221; required_message_position=&#8221;top&#8221; upload_description=&#8221;Glissez les fichiers ici ou cliquez pour s\u00e9lectionner un fichier.&#8221; upload_primary_color=&#8221;#63b348&#8243; upload_secondary_color=&#8221;#3f9bdc&#8221; upload_progress_bar_style=&#8221;progress-solid&#8221; upload_progress_bar_color=&#8221;#3f9bdc&#8221; enable_placeholder=&#8221;off&#8221; description_text=&#8221;on&#8221; description_text_text=&#8221;Joindre votre CV*&#8221; _builder_version=&#8221;4.21.0&#8243; _module_preset=&#8221;default&#8221; upload_description_font_size=&#8221;18px&#8221; upload_preview_name_font_size=&#8221;18px&#8221; upload_preview_size_font_size=&#8221;18px&#8221; form_field_font_size=&#8221;18px&#8221; border_radii=&#8221;on|15px|15px|15px|15px&#8221; global_colors_info=&#8221;{}&#8221; form_step=&#8221;0&#8243; current_step=&#8221;0&#8243;][\/de_fb_form_field][de_fb_form_field field_title=&#8221;Message&#8221; field_id=&#8221;message_field&#8221; field_type=&#8221;text&#8221; textarea_rows=&#8221;6&#8243; field_placeholder=&#8221;Message&#8221; enable_autocomplete=&#8221;off&#8221; _builder_version=&#8221;4.25.2&#8243; _module_preset=&#8221;default&#8221; form_field_font_size=&#8221;18px&#8221; border_radii=&#8221;on|15px|15px|15px|15px&#8221; border_width_all=&#8221;1px&#8221; global_colors_info=&#8221;{}&#8221; form_step=&#8221;0&#8243; current_step=&#8221;0&#8243;][\/de_fb_form_field][de_fb_form_field field_title=&#8221;rgpdcb&#8221; field_id=&#8221;rgpdcb_field&#8221; field_type=&#8221;checkbox&#8221; checkbox_options=&#8221;%91{%22value%22:%22  En cochant cette case et en soumettant ce formulaire, j&#8217;accepte que mes donn\u00e9es personnelles soient utilis\u00e9es pour me recontacter dans le cadre de ma demande indiqu\u00e9e dans ce formulaire.%22,%22checked%22:0,%22dragID%22:-1,%22link_text%22:%22Consultez notre politique de confidentialit\u00e9 pour conna\u00eetre tous les d\u00e9tails sur la fa\u00e7on dont nous prot\u00e9geons et g\u00e9rons vos donn\u00e9es.%22,%22link_url%22:%22https:\/\/demojv.be\/protection-des-donnees\/%22}%93&#8243; required_mark=&#8221;on&#8221; required_message=&#8221;Champ obligatoire&#8221; required_message_position=&#8221;top&#8221; _builder_version=&#8221;4.24.3&#8243; _module_preset=&#8221;default&#8221; form_field_font_size=&#8221;18px&#8221; border_width_all=&#8221;1px&#8221; global_colors_info=&#8221;{}&#8221; form_step=&#8221;0&#8243; current_step=&#8221;0&#8243;][\/de_fb_form_field][\/de_fb_form][\/et_pb_column][\/et_pb_row][\/et_pb_section]<\/p>\n","protected":false},"excerpt":{"rendered":"<p>Candidatuur Sinds 1990 kan DEMO J.V. rekenen op een betrouwbaar en gemotiveerd team dat alle sloopwerkzaamheden, metaalbewerking, asbestverwijdering, grondwerken, recycling en bodemsaneringop professionele wijze uitvoert. Wenst u uw kennis met ons te delen ? Aarzel niet om ons uw cv te sturen. Volg ons ook op Facebook om meer te weten te komen over onze [&hellip;]<\/p>\n","protected":false},"author":1,"featured_media":21,"parent":0,"menu_order":0,"comment_status":"closed","ping_status":"closed","template":"","meta":{"_et_pb_use_builder":"on","_et_pb_old_content":"","_et_gb_content_width":"","jetpack_post_was_ever_published":false,"footnotes":""},"class_list":["post-503","page","type-page","status-publish","has-post-thumbnail","hentry"],"yoast_head":"<!-- This site is optimized with the Yoast SEO plugin v27.5 - https:\/\/yoast.com\/product\/yoast-seo-wordpress\/ -->\n<title>Carri\u00e8res bij DEMO J.V.: Breng uw expertise in!<\/title>\n<meta name=\"description\" content=\"DEMO J.V. werft aan! Ontdek onze vacatures en kom deel uitmaken van een toegewijd en professioneel team. Stuur ons uw cv en kom bij ons werken!\" \/>\n<meta name=\"robots\" content=\"index, follow, max-snippet:-1, max-image-preview:large, max-video-preview:-1\" \/>\n<link rel=\"canonical\" href=\"https:\/\/demojv.be\/nl\/candidatuur\/\" \/>\n<meta property=\"og:locale\" content=\"nl_NL\" \/>\n<meta property=\"og:type\" content=\"article\" \/>\n<meta property=\"og:title\" content=\"Join the DEMO J.V. team and contribute your expertise!\" \/>\n<meta property=\"og:description\" content=\"DEMO J.V. kan sinds 1990 rekenen op een team van experts. Kom bij ons werken en maak het verschil!\" \/>\n<meta property=\"og:url\" content=\"https:\/\/demojv.be\/nl\/candidatuur\/\" \/>\n<meta property=\"og:site_name\" content=\"DemoJV\" \/>\n<meta property=\"article:modified_time\" content=\"2025-10-11T13:50:25+00:00\" \/>\n<meta property=\"og:image\" content=\"https:\/\/demojv.be\/wp-content\/uploads\/logo-demojv-facebook-268x300.jpg\" \/>\n<meta name=\"twitter:card\" content=\"summary_large_image\" \/>\n<meta name=\"twitter:title\" content=\"DEMO J.V. zoekt nieuwe medewerkers! Kom ons team van experts versterken!\" \/>\n<meta name=\"twitter:description\" content=\"DEMO J.V. kan sinds 1990 rekenen op een team van experts. Kom bij ons werken en maak het verschil! #demojvjobs\" \/>\n<meta name=\"twitter:image\" content=\"https:\/\/demojv.be\/wp-content\/uploads\/logo-demojv-twitter.jpg\" \/>\n<meta name=\"twitter:label1\" content=\"Geschatte leestijd\" \/>\n\t<meta name=\"twitter:data1\" content=\"6 minuten\" \/>\n<script type=\"application\/ld+json\" class=\"yoast-schema-graph\">{\"@context\":\"https:\\\/\\\/schema.org\",\"@graph\":[{\"@type\":\"WebPage\",\"@id\":\"https:\\\/\\\/demojv.be\\\/nl\\\/candidatuur\\\/\",\"url\":\"https:\\\/\\\/demojv.be\\\/nl\\\/candidatuur\\\/\",\"name\":\"Carri\u00e8res bij DEMO J.V.: Breng uw expertise in!\",\"isPartOf\":{\"@id\":\"https:\\\/\\\/demojv.be\\\/nl\\\/#website\"},\"primaryImageOfPage\":{\"@id\":\"https:\\\/\\\/demojv.be\\\/nl\\\/candidatuur\\\/#primaryimage\"},\"image\":{\"@id\":\"https:\\\/\\\/demojv.be\\\/nl\\\/candidatuur\\\/#primaryimage\"},\"thumbnailUrl\":\"https:\\\/\\\/i0.wp.com\\\/demojv.be\\\/wp-content\\\/uploads\\\/demojv-logo-white-background-170x190-1.webp?fit=170%2C190&ssl=1\",\"datePublished\":\"2023-10-01T18:37:20+00:00\",\"dateModified\":\"2025-10-11T13:50:25+00:00\",\"description\":\"DEMO J.V. werft aan! Ontdek onze vacatures en kom deel uitmaken van een toegewijd en professioneel team. Stuur ons uw cv en kom bij ons werken!\",\"breadcrumb\":{\"@id\":\"https:\\\/\\\/demojv.be\\\/nl\\\/candidatuur\\\/#breadcrumb\"},\"inLanguage\":\"nl-NL\",\"potentialAction\":[{\"@type\":\"ReadAction\",\"target\":[\"https:\\\/\\\/demojv.be\\\/nl\\\/candidatuur\\\/\"]}]},{\"@type\":\"ImageObject\",\"inLanguage\":\"nl-NL\",\"@id\":\"https:\\\/\\\/demojv.be\\\/nl\\\/candidatuur\\\/#primaryimage\",\"url\":\"https:\\\/\\\/i0.wp.com\\\/demojv.be\\\/wp-content\\\/uploads\\\/demojv-logo-white-background-170x190-1.webp?fit=170%2C190&ssl=1\",\"contentUrl\":\"https:\\\/\\\/i0.wp.com\\\/demojv.be\\\/wp-content\\\/uploads\\\/demojv-logo-white-background-170x190-1.webp?fit=170%2C190&ssl=1\",\"width\":170,\"height\":190},{\"@type\":\"BreadcrumbList\",\"@id\":\"https:\\\/\\\/demojv.be\\\/nl\\\/candidatuur\\\/#breadcrumb\",\"itemListElement\":[{\"@type\":\"ListItem\",\"position\":1,\"name\":\"Accueil\",\"item\":\"https:\\\/\\\/demojv.be\\\/nl\\\/home\\\/\"},{\"@type\":\"ListItem\",\"position\":2,\"name\":\"candidatuur\"}]},{\"@type\":\"WebSite\",\"@id\":\"https:\\\/\\\/demojv.be\\\/nl\\\/#website\",\"url\":\"https:\\\/\\\/demojv.be\\\/nl\\\/\",\"name\":\"DemoJV\",\"description\":\"Votre partenaire en travaux de d\u00e9molition\",\"potentialAction\":[{\"@type\":\"SearchAction\",\"target\":{\"@type\":\"EntryPoint\",\"urlTemplate\":\"https:\\\/\\\/demojv.be\\\/nl\\\/?s={search_term_string}\"},\"query-input\":{\"@type\":\"PropertyValueSpecification\",\"valueRequired\":true,\"valueName\":\"search_term_string\"}}],\"inLanguage\":\"nl-NL\"}]}<\/script>\n<!-- \/ Yoast SEO plugin. -->","yoast_head_json":{"title":"Carri\u00e8res bij DEMO J.V.: Breng uw expertise in!","description":"DEMO J.V. werft aan! Ontdek onze vacatures en kom deel uitmaken van een toegewijd en professioneel team. Stuur ons uw cv en kom bij ons werken!","robots":{"index":"index","follow":"follow","max-snippet":"max-snippet:-1","max-image-preview":"max-image-preview:large","max-video-preview":"max-video-preview:-1"},"canonical":"https:\/\/demojv.be\/nl\/candidatuur\/","og_locale":"nl_NL","og_type":"article","og_title":"Join the DEMO J.V. team and contribute your expertise!","og_description":"DEMO J.V. kan sinds 1990 rekenen op een team van experts. Kom bij ons werken en maak het verschil!","og_url":"https:\/\/demojv.be\/nl\/candidatuur\/","og_site_name":"DemoJV","article_modified_time":"2025-10-11T13:50:25+00:00","og_image":[{"url":"https:\/\/demojv.be\/wp-content\/uploads\/logo-demojv-facebook-268x300.jpg","type":"","width":"","height":""}],"twitter_card":"summary_large_image","twitter_title":"DEMO J.V. zoekt nieuwe medewerkers! Kom ons team van experts versterken!","twitter_description":"DEMO J.V. kan sinds 1990 rekenen op een team van experts. Kom bij ons werken en maak het verschil! #demojvjobs","twitter_image":"https:\/\/demojv.be\/wp-content\/uploads\/logo-demojv-twitter.jpg","twitter_misc":{"Geschatte leestijd":"6 minuten"},"schema":{"@context":"https:\/\/schema.org","@graph":[{"@type":"WebPage","@id":"https:\/\/demojv.be\/nl\/candidatuur\/","url":"https:\/\/demojv.be\/nl\/candidatuur\/","name":"Carri\u00e8res bij DEMO J.V.: Breng uw expertise in!","isPartOf":{"@id":"https:\/\/demojv.be\/nl\/#website"},"primaryImageOfPage":{"@id":"https:\/\/demojv.be\/nl\/candidatuur\/#primaryimage"},"image":{"@id":"https:\/\/demojv.be\/nl\/candidatuur\/#primaryimage"},"thumbnailUrl":"https:\/\/i0.wp.com\/demojv.be\/wp-content\/uploads\/demojv-logo-white-background-170x190-1.webp?fit=170%2C190&ssl=1","datePublished":"2023-10-01T18:37:20+00:00","dateModified":"2025-10-11T13:50:25+00:00","description":"DEMO J.V. werft aan! Ontdek onze vacatures en kom deel uitmaken van een toegewijd en professioneel team. Stuur ons uw cv en kom bij ons werken!","breadcrumb":{"@id":"https:\/\/demojv.be\/nl\/candidatuur\/#breadcrumb"},"inLanguage":"nl-NL","potentialAction":[{"@type":"ReadAction","target":["https:\/\/demojv.be\/nl\/candidatuur\/"]}]},{"@type":"ImageObject","inLanguage":"nl-NL","@id":"https:\/\/demojv.be\/nl\/candidatuur\/#primaryimage","url":"https:\/\/i0.wp.com\/demojv.be\/wp-content\/uploads\/demojv-logo-white-background-170x190-1.webp?fit=170%2C190&ssl=1","contentUrl":"https:\/\/i0.wp.com\/demojv.be\/wp-content\/uploads\/demojv-logo-white-background-170x190-1.webp?fit=170%2C190&ssl=1","width":170,"height":190},{"@type":"BreadcrumbList","@id":"https:\/\/demojv.be\/nl\/candidatuur\/#breadcrumb","itemListElement":[{"@type":"ListItem","position":1,"name":"Accueil","item":"https:\/\/demojv.be\/nl\/home\/"},{"@type":"ListItem","position":2,"name":"candidatuur"}]},{"@type":"WebSite","@id":"https:\/\/demojv.be\/nl\/#website","url":"https:\/\/demojv.be\/nl\/","name":"DemoJV","description":"Votre partenaire en travaux de d\u00e9molition","potentialAction":[{"@type":"SearchAction","target":{"@type":"EntryPoint","urlTemplate":"https:\/\/demojv.be\/nl\/?s={search_term_string}"},"query-input":{"@type":"PropertyValueSpecification","valueRequired":true,"valueName":"search_term_string"}}],"inLanguage":"nl-NL"}]}},"jetpack_shortlink":"https:\/\/wp.me\/Pfa9sH-87","jetpack_sharing_enabled":true,"_links":{"self":[{"href":"https:\/\/demojv.be\/nl\/wp-json\/wp\/v2\/pages\/503","targetHints":{"allow":["GET"]}}],"collection":[{"href":"https:\/\/demojv.be\/nl\/wp-json\/wp\/v2\/pages"}],"about":[{"href":"https:\/\/demojv.be\/nl\/wp-json\/wp\/v2\/types\/page"}],"author":[{"embeddable":true,"href":"https:\/\/demojv.be\/nl\/wp-json\/wp\/v2\/users\/1"}],"replies":[{"embeddable":true,"href":"https:\/\/demojv.be\/nl\/wp-json\/wp\/v2\/comments?post=503"}],"version-history":[{"count":27,"href":"https:\/\/demojv.be\/nl\/wp-json\/wp\/v2\/pages\/503\/revisions"}],"predecessor-version":[{"id":987,"href":"https:\/\/demojv.be\/nl\/wp-json\/wp\/v2\/pages\/503\/revisions\/987"}],"wp:featuredmedia":[{"embeddable":true,"href":"https:\/\/demojv.be\/nl\/wp-json\/wp\/v2\/media\/21"}],"wp:attachment":[{"href":"https:\/\/demojv.be\/nl\/wp-json\/wp\/v2\/media?parent=503"}],"curies":[{"name":"wp","href":"https:\/\/api.w.org\/{rel}","templated":true}]}}