{"id":455,"date":"2023-10-01T20:52:32","date_gmt":"2023-10-01T18:52:32","guid":{"rendered":"https:\/\/demojv.be\/contact\/"},"modified":"2025-10-11T15:44:36","modified_gmt":"2025-10-11T13:44:36","slug":"contact","status":"publish","type":"page","link":"https:\/\/demojv.be\/nl\/contact\/","title":{"rendered":"contact"},"content":{"rendered":"<p>[et_pb_section fb_built=&#8221;1&#8243; fullwidth=&#8221;on&#8221; _builder_version=&#8221;4.21.0&#8243; _module_preset=&#8221;default&#8221; da_disable_devices=&#8221;off|off|off&#8221; global_colors_info=&#8221;{}&#8221; da_is_popup=&#8221;off&#8221; da_exit_intent=&#8221;off&#8221; da_has_close=&#8221;on&#8221; da_alt_close=&#8221;off&#8221; da_dark_close=&#8221;off&#8221; da_not_modal=&#8221;on&#8221; da_is_singular=&#8221;off&#8221; da_with_loader=&#8221;off&#8221; da_has_shadow=&#8221;on&#8221;][et_pb_fullwidth_image src=&#8221;https:\/\/demojv.be\/wp-content\/uploads\/demojv_0.jpg&#8221; title_text=&#8221;demojv_0&#8243; _builder_version=&#8221;4.21.0&#8243; _module_preset=&#8221;default&#8221; custom_margin=&#8221;30px||||false|false&#8221; global_colors_info=&#8221;{}&#8221;][\/et_pb_fullwidth_image][\/et_pb_section][et_pb_section fb_built=&#8221;1&#8243; _builder_version=&#8221;4.21.0&#8243; _module_preset=&#8221;default&#8221; custom_padding=&#8221;||0px|||&#8221; da_disable_devices=&#8221;off|off|off&#8221; global_colors_info=&#8221;{}&#8221; da_is_popup=&#8221;off&#8221; da_exit_intent=&#8221;off&#8221; da_has_close=&#8221;on&#8221; da_alt_close=&#8221;off&#8221; da_dark_close=&#8221;off&#8221; da_not_modal=&#8221;on&#8221; da_is_singular=&#8221;off&#8221; da_with_loader=&#8221;off&#8221; da_has_shadow=&#8221;on&#8221;][et_pb_row column_structure=&#8221;3_4,1_4&#8243; _builder_version=&#8221;4.21.0&#8243; _module_preset=&#8221;default&#8221; custom_padding=&#8221;||0px|||&#8221; global_colors_info=&#8221;{}&#8221;][et_pb_column type=&#8221;3_4&#8243; _builder_version=&#8221;4.21.0&#8243; _module_preset=&#8221;default&#8221; global_colors_info=&#8221;{}&#8221;][et_pb_text _builder_version=&#8221;4.21.0&#8243; _module_preset=&#8221;default&#8221; header_font=&#8221;|700|||||||&#8221; header_font_size=&#8221;20px&#8221; header_2_text_color=&#8221;#63b348&#8243; header_2_font_size=&#8221;35px&#8221; global_colors_info=&#8221;{}&#8221;]<\/p>\n<h2><span>Contact details<\/span><\/h2>\n<div id=\"gtx-trans\" style=\"position: absolute; left: -7px; top: 52.25px;\">\n<div class=\"gtx-trans-icon\"><\/div>\n<\/div>\n<p>[\/et_pb_text][et_pb_text _builder_version=&#8221;4.22.2&#8243; _module_preset=&#8221;default&#8221; header_font=&#8221;|700|||||||&#8221; header_font_size=&#8221;20px&#8221; header_2_text_color=&#8221;#63b348&#8243; header_2_font_size=&#8221;30px&#8221; global_colors_info=&#8221;{}&#8221;]<\/p>\n<table>\n<tbody>\n<tr>\n<td style=\"width: 275px; text-align: left;\">\n<p>Bedrijfszetel<br \/>\n  <a href=\"https:\/\/goo.gl\/maps\/BcgsieUqAip8FYJU7\"><br \/>\n    <span>Buda Steenweg, 20<\/span><br \/>\n  <\/a><br \/>\n  <br \/>\n    <a href=\"https:\/\/goo.gl\/maps\/BcgsieUqAip8FYJU7\"> <span>B-1830 Machelen<\/span><\/a><\/p>\n<p><span><\/span><\/p>\n<\/td>\n<td style=\"width: 275px; text-align: left;\"><\/td>\n<\/tr>\n<tr style=\"text-align: left;\">\n<td style=\"width: 275px;\"><span>Tel. : <a href=\"tel:022033344\">+32 (0)2 203 33 44<\/a><\/span><br \/><span>Fax : +32 (0)2 203 33 82<\/span><\/td>\n<td style=\"width: 275px;\"><span>Secretariaat : <\/span><a href=\"mailto:info@demojv.be\">info<span style=\"text-decoration: underline;\"><em>@<\/em><\/span>demojv.be<\/a><span><\/span><br \/>\n  <span>Prijsaanvraag : <\/span><br \/>\n  <a href=\"mailto:etudes@demojv.be\">etudes<span style=\"text-decoration: underline;\"><em>@<\/em><\/span>demojv.be<\/a>\n<\/td>\n<\/tr>\n<tr style=\"text-align: left;\">\n<td style=\"width: 275px; text-align: left;\"><strong>Si\u00e8ge social<\/strong><br \/>\n  <a href=\"https:\/\/goo.gl\/maps\/Ef9cBjG9Zevmpeob6\">Rue de Ciplet, 2<\/a><br \/>\n  <br \/>\n    <a href=\"https:\/\/goo.gl\/maps\/Ef9cBjG9Zevmpeob6\"> B-1020 Bruxelles<\/a><\/p>\n<\/td>\n<td style=\"width: 275px;\">\n<div class=\"box_contact large\">\n<p>BTW: BE-0439 800 275<br \/>Registratienummer: 03.13.11<br \/>Erkenning: Klasse 4 Categorie G5<\/p>\n<\/div>\n<\/td>\n<\/tr>\n<\/tbody>\n<\/table>\n<p>&nbsp;<\/p>\n<p>[\/et_pb_text][\/et_pb_column][et_pb_column type=&#8221;1_4&#8243; _builder_version=&#8221;4.21.0&#8243; _module_preset=&#8221;default&#8221; global_colors_info=&#8221;{}&#8221;][et_pb_image src=&#8221;https:\/\/demojv.be\/wp-content\/uploads\/icon_contact.webp&#8221; title_text=&#8221;icon_contact&#8221; align=&#8221;center&#8221; _builder_version=&#8221;4.21.0&#8243; _module_preset=&#8221;default&#8221; global_colors_info=&#8221;{}&#8221;][\/et_pb_image][\/et_pb_column][\/et_pb_row][et_pb_row _builder_version=&#8221;4.21.0&#8243; _module_preset=&#8221;default&#8221; custom_padding=&#8221;0px|||||&#8221; global_colors_info=&#8221;{}&#8221;][et_pb_column type=&#8221;4_4&#8243; _builder_version=&#8221;4.21.0&#8243; _module_preset=&#8221;default&#8221; global_colors_info=&#8221;{}&#8221;][et_pb_button button_url=&#8221;tel:+32472600185&#8243; url_new_window=&#8221;on&#8221; button_text=&#8221;CONTACT IN NOODEGEVAL&#8221; _builder_version=&#8221;4.21.0&#8243; _module_preset=&#8221;default&#8221; global_colors_info=&#8221;{}&#8221;][\/et_pb_button][\/et_pb_column][\/et_pb_row][et_pb_row _builder_version=&#8221;4.21.0&#8243; _module_preset=&#8221;default&#8221; width_tablet=&#8221;&#8221; width_phone=&#8221;&#8221; width_last_edited=&#8221;on|desktop&#8221; custom_padding=&#8221;2px||0px|||&#8221; global_colors_info=&#8221;{}&#8221;][et_pb_column type=&#8221;4_4&#8243; _builder_version=&#8221;4.21.0&#8243; _module_preset=&#8221;default&#8221; global_colors_info=&#8221;{}&#8221;][et_pb_divider _builder_version=&#8221;4.21.0&#8243; _module_preset=&#8221;default&#8221; global_colors_info=&#8221;{}&#8221;][\/et_pb_divider][\/et_pb_column][\/et_pb_row][et_pb_row column_structure=&#8221;1_2,1_2&#8243; _builder_version=&#8221;4.21.0&#8243; _module_preset=&#8221;default&#8221; global_colors_info=&#8221;{}&#8221;][et_pb_column type=&#8221;1_2&#8243; _builder_version=&#8221;4.21.0&#8243; _module_preset=&#8221;default&#8221; global_colors_info=&#8221;{}&#8221;][et_pb_text disabled_on=&#8221;on|on|on&#8221; _builder_version=&#8221;4.22.2&#8243; _module_preset=&#8221;default&#8221; disabled=&#8221;on&#8221; global_colors_info=&#8221;{}&#8221;]<\/p>\n<p><strong>Bedrijfszetel<\/strong><br \/>\n  <a href=\"https:\/\/goo.gl\/maps\/BcgsieUqAip8FYJU7\"><br \/>\n    <span>Buda Steenweg, 20<\/span><br \/>\n  <\/a><br \/>\n  <br \/>\n    <a href=\"https:\/\/goo.gl\/maps\/BcgsieUqAip8FYJU7\"> <span>B-1830 Machelen<\/span><\/a><\/p>\n<p>[\/et_pb_text][et_pb_code _builder_version=&#8221;4.21.0&#8243; _module_preset=&#8221;default&#8221; global_colors_info=&#8221;{}&#8221;]<iframe src=\"https:\/\/www.google.com\/maps\/embed?pb=!1m18!1m12!1m3!1d2516.022436573048!2d4.418337777536253!3d50.904800954544676!2m3!1f0!2f0!3f0!3m2!1i1024!2i768!4f13.1!3m3!1m2!1s0x47c3dd3457a46f7d%3A0x9b0810d0617b4ef7!2sBudasteenweg%2020%2C%201830%20Machelen!5e0!3m2!1sen!2sbe!4v1689583267938!5m2!1sen!2sbe\" width=\"600\" height=\"450\" style=\"border:0;\" allowfullscreen=\"\" loading=\"lazy\" referrerpolicy=\"no-referrer-when-downgrade\"><\/iframe>[\/et_pb_code][\/et_pb_column][et_pb_column type=&#8221;1_2&#8243; _builder_version=&#8221;4.21.0&#8243; _module_preset=&#8221;default&#8221; global_colors_info=&#8221;{}&#8221;][et_pb_text disabled_on=&#8221;on|on|on&#8221; _builder_version=&#8221;4.22.2&#8243; _module_preset=&#8221;default&#8221; disabled=&#8221;on&#8221; global_colors_info=&#8221;{}&#8221;]<\/p>\n<p>Hoofdkantoor<br \/>\n  <a href=\"https:\/\/goo.gl\/maps\/Ef9cBjG9Zevmpeob6\">Rue de Ciplet, 2<\/a><br \/>\n  <br \/>\n    <a href=\"https:\/\/goo.gl\/maps\/Ef9cBjG9Zevmpeob6\"> B-1020 Bruxelles<\/a><\/p>\n<p>[\/et_pb_text][et_pb_code _builder_version=&#8221;4.21.0&#8243; _module_preset=&#8221;default&#8221; global_colors_info=&#8221;{}&#8221;]<iframe src=\"https:\/\/www.google.com\/maps\/embed?pb=!1m18!1m12!1m3!1d2517.740611281132!2d4.354397477535212!3d50.87300165684823!2m3!1f0!2f0!3f0!3m2!1i1024!2i768!4f13.1!3m3!1m2!1s0x47c3c3a15b20dd81%3A0xe9c24d8d674bbba!2sRue%20de%20Ciplet%202%2C%201020%20Bruxelles!5e0!3m2!1sen!2sbe!4v1689583200928!5m2!1sen!2sbe\" width=\"600\" height=\"450\" style=\"border:0;\" allowfullscreen=\"\" loading=\"lazy\" referrerpolicy=\"no-referrer-when-downgrade\"><\/iframe>[\/et_pb_code][\/et_pb_column][\/et_pb_row][et_pb_row _builder_version=&#8221;4.21.0&#8243; _module_preset=&#8221;default&#8221; width_tablet=&#8221;&#8221; width_phone=&#8221;&#8221; width_last_edited=&#8221;on|desktop&#8221; custom_padding=&#8221;0px||0px|||&#8221; global_colors_info=&#8221;{}&#8221;][et_pb_column type=&#8221;4_4&#8243; _builder_version=&#8221;4.21.0&#8243; _module_preset=&#8221;default&#8221; global_colors_info=&#8221;{}&#8221;][et_pb_divider _builder_version=&#8221;4.21.0&#8243; _module_preset=&#8221;default&#8221; global_colors_info=&#8221;{}&#8221;][\/et_pb_divider][\/et_pb_column][\/et_pb_row][\/et_pb_section][et_pb_section fb_built=&#8221;1&#8243; admin_label=&#8221;Section&#8221; _builder_version=&#8221;4.16&#8243; _module_preset=&#8221;default&#8221; custom_padding=&#8221;0px|||||&#8221; da_disable_devices=&#8221;off|off|off&#8221; locked=&#8221;off&#8221; global_colors_info=&#8221;{}&#8221; da_is_popup=&#8221;off&#8221; da_exit_intent=&#8221;off&#8221; da_has_close=&#8221;on&#8221; da_alt_close=&#8221;off&#8221; da_dark_close=&#8221;off&#8221; da_not_modal=&#8221;on&#8221; da_is_singular=&#8221;off&#8221; da_with_loader=&#8221;off&#8221; da_has_shadow=&#8221;on&#8221;][et_pb_row _builder_version=&#8221;4.21.0&#8243; _module_preset=&#8221;default&#8221; global_colors_info=&#8221;{}&#8221;][et_pb_column type=&#8221;4_4&#8243; _builder_version=&#8221;4.21.0&#8243; _module_preset=&#8221;default&#8221; global_colors_info=&#8221;{}&#8221;][et_pb_text _builder_version=&#8221;4.21.0&#8243; _module_preset=&#8221;default&#8221; header_font=&#8221;|700|||||||&#8221; header_font_size=&#8221;20px&#8221; header_2_text_color=&#8221;#63b348&#8243; header_2_font_size=&#8221;35px&#8221; global_colors_info=&#8221;{}&#8221;]<\/p>\n<h2><span>Ons schrijven<\/span><\/h2>\n<div id=\"gtx-trans\" style=\"position: absolute; left: -7px; top: 52.25px;\">\n<div class=\"gtx-trans-icon\"><\/div>\n<\/div>\n<p>[\/et_pb_text][de_fb_form form_id=&#8221;contactfrmid&#8221; submit_button_text=&#8221;Envoyer&#8221; redirect_after_success=&#8221;on&#8221; success_message=&#8221;Merci pour le message, nous vous recontacterons sous peu.&#8221; redirect_url_after_submission=&#8221;https:\/\/demojv.be\/contact-thank-you\/&#8221; failed_message=&#8221;D\u00e9sol\u00e9, le formulaire n&#8217;a pas \u00e9t\u00e9 envoy\u00e9, %%message%%&#8221; use_custom_email=&#8221;off&#8221; custom_contact_email=&#8221;demo.info.2311@albuma.be&#8221; from_email=&#8221;sender&#8221; from_email_field=&#8221;email_field&#8221; replyto_name=&#8221;lastname_field&#8221; replyto_email=&#8221;email_field&#8221; email_title=&#8221;E-mail du site Demojv.be &#8211; FR &#8211; Page Contact !&#8221; email_template=&#8221;Bonjour,<br \/>\nVous venez de recevoir un e-mail envoy\u00e9 via la page %22Contact FR%22 de votre site.<br \/>\nExp\u00e9diteur  : %%lastname_field%% %%firstname_field%% ( e-mail = %%email_field%% ).<br \/>\nSoci\u00e9t\u00e9 : %%societe_field%%.<br \/>\nT\u00e9l\u00e9phone  : %%phone_field%%.<br \/>\nSujet du message : %%subject_field%%<br \/>\nLe message est :<br \/>\n%%message_field%%<\/p>\n<p>&#8212;&#8211;<br \/>\nAccord de recontact : %%rgpdcb_field%%&#8221; _builder_version=&#8221;4.27.2&#8243; _module_preset=&#8221;default&#8221; _unique_id=&#8221;e2e94a72-cd3c-4dbb-87f1-b322a5e8949c&#8221; hover_enabled=&#8221;0&#8243; global_colors_info=&#8221;{}&#8221; google_recaptcha=&#8221;on&#8221; recaptcha_sitekey_type=&#8221;recaptcha_3&#8243; recaptcha_sitekey_v3=&#8221;6LfvC1soAAAAAKA67sDlIvh6yLI1scgnv4_9T0-L&#8221; recaptcha_seckey_v3=&#8221;6LfvC1soAAAAAOzcH0L3YnPQgyCQpZgSyUynKw5S&#8221; sticky_enabled=&#8221;0&#8243;][de_fb_form_field field_title=&#8221;LastName&#8221; field_id=&#8221;lastname_field&#8221; required_mark=&#8221;on&#8221; required_message=&#8221;Champ obligatoire&#8221; required_message_position=&#8221;top&#8221; field_grid_column=&#8221;et_pb_column_1_2&#8243; field_placeholder=&#8221;Nom&#8221; _builder_version=&#8221;4.22.2&#8243; _module_preset=&#8221;default&#8221; form_field_font=&#8221;||||||||&#8221; form_field_font_size=&#8221;18px&#8221; border_radii=&#8221;on|15px|15px|15px|15px&#8221; border_width_all=&#8221;1px&#8221; global_colors_info=&#8221;{}&#8221; form_step=&#8221;0&#8243; current_step=&#8221;0&#8243;][\/de_fb_form_field][de_fb_form_field field_title=&#8221;FirstName&#8221; field_id=&#8221;firstname_field&#8221; required_mark=&#8221;on&#8221; required_message=&#8221;Champ obligatoire&#8221; required_message_position=&#8221;top&#8221; field_grid_column=&#8221;et_pb_column_1_2&#8243; field_placeholder=&#8221;Pr\u00e9nom&#8221; _builder_version=&#8221;4.21.0&#8243; _module_preset=&#8221;default&#8221; form_field_font_size=&#8221;18px&#8221; border_radii=&#8221;on|15px|15px|15px|15px&#8221; border_width_all=&#8221;1px&#8221; global_colors_info=&#8221;{}&#8221; form_step=&#8221;0&#8243; current_step=&#8221;0&#8243;][\/de_fb_form_field][de_fb_form_field field_title=&#8221;Societe&#8221; field_id=&#8221;societe_field&#8221; field_grid_column=&#8221;et_pb_column_1_2&#8243; field_placeholder=&#8221;Soci\u00e9t\u00e9&#8221; _builder_version=&#8221;4.21.0&#8243; _module_preset=&#8221;default&#8221; form_field_font_size=&#8221;18px&#8221; border_radii=&#8221;on|15px|15px|15px|15px&#8221; border_width_all=&#8221;1px&#8221; global_colors_info=&#8221;{}&#8221; form_step=&#8221;0&#8243; current_step=&#8221;0&#8243;][\/de_fb_form_field][de_fb_form_field field_title=&#8221;Phone&#8221; field_id=&#8221;phone_field&#8221; field_grid_column=&#8221;et_pb_column_1_2&#8243; field_placeholder=&#8221;N\u00b0 de t\u00e9l\u00e9phone&#8221; _builder_version=&#8221;4.21.0&#8243; _module_preset=&#8221;default&#8221; form_field_font_size=&#8221;18px&#8221; border_radii=&#8221;on|15px|15px|15px|15px&#8221; border_width_all=&#8221;1px&#8221; global_colors_info=&#8221;{}&#8221; form_step=&#8221;0&#8243; current_step=&#8221;0&#8243;][\/de_fb_form_field][de_fb_form_field field_title=&#8221;Email&#8221; field_id=&#8221;email_field&#8221; field_type=&#8221;email&#8221; email_message=&#8221;svp, entrez une adresse e-mail valide.&#8221; required_mark=&#8221;on&#8221; required_message=&#8221;Champ obligatoire&#8221; field_placeholder=&#8221;Adresse email&#8221; _builder_version=&#8221;4.21.0&#8243; _module_preset=&#8221;default&#8221; form_field_font_size=&#8221;18px&#8221; border_radii=&#8221;on|15px|15px|15px|15px&#8221; border_width_all=&#8221;1px&#8221; global_colors_info=&#8221;{}&#8221; form_step=&#8221;0&#8243; current_step=&#8221;0&#8243;][\/de_fb_form_field][de_fb_form_field field_title=&#8221;Sujet&#8221; field_id=&#8221;subject_field&#8221; required_mark=&#8221;on&#8221; field_placeholder=&#8221;Sujet&#8221; _builder_version=&#8221;4.21.0&#8243; _module_preset=&#8221;default&#8221; form_field_font_size=&#8221;18px&#8221; border_radii=&#8221;on|15px|15px|15px|15px&#8221; border_width_all=&#8221;1px&#8221; global_colors_info=&#8221;{}&#8221; form_step=&#8221;0&#8243; current_step=&#8221;0&#8243;][\/de_fb_form_field][de_fb_form_field field_title=&#8221;Message&#8221; field_id=&#8221;message_field&#8221; field_type=&#8221;text&#8221; textarea_rows=&#8221;6&#8243; required_mark=&#8221;on&#8221; required_message=&#8221;Champ obligatoire&#8221; required_message_position=&#8221;top&#8221; field_placeholder=&#8221;Message&#8221; enable_autocomplete=&#8221;off&#8221; _builder_version=&#8221;4.25.2&#8243; _module_preset=&#8221;default&#8221; content_text_font_size=&#8221;16px&#8221; form_field_font_size=&#8221;18px&#8221; border_radii=&#8221;on|15px|15px|15px|15px&#8221; border_width_all=&#8221;1px&#8221; global_colors_info=&#8221;{}&#8221; form_step=&#8221;0&#8243; current_step=&#8221;0&#8243;][\/de_fb_form_field][de_fb_form_field field_title=&#8221;rgpdcb&#8221; field_id=&#8221;rgpdcb_field&#8221; field_type=&#8221;checkbox&#8221; checkbox_options=&#8221;%91{%22value%22:%22En cochant cette case et en soumettant ce formulaire, j&#8217;accepte que mes donn\u00e9es personnelles soient utilis\u00e9es pour me recontacter dans le cadre de ma demande indiqu\u00e9e dans ce formulaire. %22,%22checked%22:0,%22dragID%22:-1,%22link_url%22:%22https:\/\/demojv.be\/protection-des-donnees\/%22,%22link_text%22:%22Consultez notre politique de confidentialit\u00e9 pour conna\u00eetre tous les d\u00e9tails sur la fa\u00e7on dont nous prot\u00e9geons et g\u00e9rons vos donn\u00e9es.%22}%93&#8243; required_mark=&#8221;on&#8221; required_message=&#8221;Champ obligatoire&#8221; required_message_position=&#8221;top&#8221; _builder_version=&#8221;4.24.3&#8243; _module_preset=&#8221;default&#8221; form_field_font_size=&#8221;18px&#8221; border_width_all=&#8221;1px&#8221; global_colors_info=&#8221;{}&#8221; form_step=&#8221;0&#8243; current_step=&#8221;0&#8243;][\/de_fb_form_field][\/de_fb_form][\/et_pb_column][\/et_pb_row][\/et_pb_section]<\/p>\n","protected":false},"excerpt":{"rendered":"<p>Contact details Bedrijfszetel Buda Steenweg, 20 B-1830 Machelen Tel. : +32 (0)2 203 33 44Fax : +32 (0)2 203 33 82 Secretariaat : info@demojv.be Prijsaanvraag : etudes@demojv.be Si\u00e8ge social Rue de Ciplet, 2 B-1020 Bruxelles BTW: BE-0439 800 275Registratienummer: 03.13.11Erkenning: Klasse 4 Categorie G5 &nbsp;Bedrijfszetel Buda Steenweg, 20 B-1830 Machelen Hoofdkantoor Rue de Ciplet, 2 [&hellip;]<\/p>\n","protected":false},"author":1,"featured_media":21,"parent":0,"menu_order":0,"comment_status":"closed","ping_status":"closed","template":"","meta":{"_et_pb_use_builder":"on","_et_pb_old_content":"","_et_gb_content_width":"","jetpack_post_was_ever_published":false,"footnotes":""},"class_list":["post-455","page","type-page","status-publish","has-post-thumbnail","hentry"],"yoast_head":"<!-- This site is optimized with the Yoast SEO plugin v27.5 - https:\/\/yoast.com\/product\/yoast-seo-wordpress\/ -->\n<title>DEMO J.V. Neem contact met ons op voor uw sloopwerkzaamheden in Belgi\u00eb.<\/title>\n<meta name=\"description\" content=\"DEMO J.V. staat in Belgi\u00eb tot uw beschikking voor al uw behoeften op het gebied van sloopwerkzaamheden, grondwerken en meer. Neem contact met ons op!\" \/>\n<meta name=\"robots\" content=\"index, follow, max-snippet:-1, max-image-preview:large, max-video-preview:-1\" \/>\n<link rel=\"canonical\" href=\"https:\/\/demojv.be\/nl\/contact\/\" \/>\n<meta property=\"og:locale\" content=\"nl_NL\" \/>\n<meta property=\"og:type\" content=\"article\" \/>\n<meta property=\"og:title\" content=\"DEMO J.V. Wij staan tot uw dienst. Neem contact met ons op!\" \/>\n<meta property=\"og:description\" content=\"DEMO J.V. staat klaar om al uw vragen te beantwoorden. Bezoek onze contactpagina!\" \/>\n<meta property=\"og:url\" content=\"https:\/\/demojv.be\/nl\/contact\/\" \/>\n<meta property=\"og:site_name\" content=\"DemoJV\" \/>\n<meta property=\"article:modified_time\" content=\"2025-10-11T13:44:36+00:00\" \/>\n<meta property=\"og:image\" content=\"https:\/\/demojv.be\/wp-content\/uploads\/logo-demojv-facebook-268x300.jpg\" \/>\n<meta name=\"twitter:card\" content=\"summary_large_image\" \/>\n<meta name=\"twitter:title\" content=\"DEMO J.V.: Wij staan voor u klaar!\" \/>\n<meta name=\"twitter:description\" content=\"Voor al uw sloop-, grondverzet- en andere projecten is DEMO J.V. uw ideale keuze. #DEMOJVContact\" \/>\n<meta name=\"twitter:image\" content=\"https:\/\/demojv.be\/wp-content\/uploads\/logo-demojv-twitter.jpg\" \/>\n<meta name=\"twitter:label1\" content=\"Geschatte leestijd\" \/>\n\t<meta name=\"twitter:data1\" content=\"7 minuten\" \/>\n<script type=\"application\/ld+json\" class=\"yoast-schema-graph\">{\"@context\":\"https:\\\/\\\/schema.org\",\"@graph\":[{\"@type\":\"WebPage\",\"@id\":\"https:\\\/\\\/demojv.be\\\/nl\\\/contact\\\/\",\"url\":\"https:\\\/\\\/demojv.be\\\/nl\\\/contact\\\/\",\"name\":\"DEMO J.V. Neem contact met ons op voor uw sloopwerkzaamheden in Belgi\u00eb.\",\"isPartOf\":{\"@id\":\"https:\\\/\\\/demojv.be\\\/nl\\\/#website\"},\"primaryImageOfPage\":{\"@id\":\"https:\\\/\\\/demojv.be\\\/nl\\\/contact\\\/#primaryimage\"},\"image\":{\"@id\":\"https:\\\/\\\/demojv.be\\\/nl\\\/contact\\\/#primaryimage\"},\"thumbnailUrl\":\"https:\\\/\\\/i0.wp.com\\\/demojv.be\\\/wp-content\\\/uploads\\\/demojv-logo-white-background-170x190-1.webp?fit=170%2C190&ssl=1\",\"datePublished\":\"2023-10-01T18:52:32+00:00\",\"dateModified\":\"2025-10-11T13:44:36+00:00\",\"description\":\"DEMO J.V. staat in Belgi\u00eb tot uw beschikking voor al uw behoeften op het gebied van sloopwerkzaamheden, grondwerken en meer. Neem contact met ons op!\",\"breadcrumb\":{\"@id\":\"https:\\\/\\\/demojv.be\\\/nl\\\/contact\\\/#breadcrumb\"},\"inLanguage\":\"nl-NL\",\"potentialAction\":[{\"@type\":\"ReadAction\",\"target\":[\"https:\\\/\\\/demojv.be\\\/nl\\\/contact\\\/\"]}]},{\"@type\":\"ImageObject\",\"inLanguage\":\"nl-NL\",\"@id\":\"https:\\\/\\\/demojv.be\\\/nl\\\/contact\\\/#primaryimage\",\"url\":\"https:\\\/\\\/i0.wp.com\\\/demojv.be\\\/wp-content\\\/uploads\\\/demojv-logo-white-background-170x190-1.webp?fit=170%2C190&ssl=1\",\"contentUrl\":\"https:\\\/\\\/i0.wp.com\\\/demojv.be\\\/wp-content\\\/uploads\\\/demojv-logo-white-background-170x190-1.webp?fit=170%2C190&ssl=1\",\"width\":170,\"height\":190},{\"@type\":\"BreadcrumbList\",\"@id\":\"https:\\\/\\\/demojv.be\\\/nl\\\/contact\\\/#breadcrumb\",\"itemListElement\":[{\"@type\":\"ListItem\",\"position\":1,\"name\":\"Accueil\",\"item\":\"https:\\\/\\\/demojv.be\\\/nl\\\/home\\\/\"},{\"@type\":\"ListItem\",\"position\":2,\"name\":\"contact\"}]},{\"@type\":\"WebSite\",\"@id\":\"https:\\\/\\\/demojv.be\\\/nl\\\/#website\",\"url\":\"https:\\\/\\\/demojv.be\\\/nl\\\/\",\"name\":\"DemoJV\",\"description\":\"Votre partenaire en travaux de d\u00e9molition\",\"potentialAction\":[{\"@type\":\"SearchAction\",\"target\":{\"@type\":\"EntryPoint\",\"urlTemplate\":\"https:\\\/\\\/demojv.be\\\/nl\\\/?s={search_term_string}\"},\"query-input\":{\"@type\":\"PropertyValueSpecification\",\"valueRequired\":true,\"valueName\":\"search_term_string\"}}],\"inLanguage\":\"nl-NL\"}]}<\/script>\n<!-- \/ Yoast SEO plugin. -->","yoast_head_json":{"title":"DEMO J.V. Neem contact met ons op voor uw sloopwerkzaamheden in Belgi\u00eb.","description":"DEMO J.V. staat in Belgi\u00eb tot uw beschikking voor al uw behoeften op het gebied van sloopwerkzaamheden, grondwerken en meer. Neem contact met ons op!","robots":{"index":"index","follow":"follow","max-snippet":"max-snippet:-1","max-image-preview":"max-image-preview:large","max-video-preview":"max-video-preview:-1"},"canonical":"https:\/\/demojv.be\/nl\/contact\/","og_locale":"nl_NL","og_type":"article","og_title":"DEMO J.V. Wij staan tot uw dienst. Neem contact met ons op!","og_description":"DEMO J.V. staat klaar om al uw vragen te beantwoorden. Bezoek onze contactpagina!","og_url":"https:\/\/demojv.be\/nl\/contact\/","og_site_name":"DemoJV","article_modified_time":"2025-10-11T13:44:36+00:00","og_image":[{"url":"https:\/\/demojv.be\/wp-content\/uploads\/logo-demojv-facebook-268x300.jpg","type":"","width":"","height":""}],"twitter_card":"summary_large_image","twitter_title":"DEMO J.V.: Wij staan voor u klaar!","twitter_description":"Voor al uw sloop-, grondverzet- en andere projecten is DEMO J.V. uw ideale keuze. #DEMOJVContact","twitter_image":"https:\/\/demojv.be\/wp-content\/uploads\/logo-demojv-twitter.jpg","twitter_misc":{"Geschatte leestijd":"7 minuten"},"schema":{"@context":"https:\/\/schema.org","@graph":[{"@type":"WebPage","@id":"https:\/\/demojv.be\/nl\/contact\/","url":"https:\/\/demojv.be\/nl\/contact\/","name":"DEMO J.V. Neem contact met ons op voor uw sloopwerkzaamheden in Belgi\u00eb.","isPartOf":{"@id":"https:\/\/demojv.be\/nl\/#website"},"primaryImageOfPage":{"@id":"https:\/\/demojv.be\/nl\/contact\/#primaryimage"},"image":{"@id":"https:\/\/demojv.be\/nl\/contact\/#primaryimage"},"thumbnailUrl":"https:\/\/i0.wp.com\/demojv.be\/wp-content\/uploads\/demojv-logo-white-background-170x190-1.webp?fit=170%2C190&ssl=1","datePublished":"2023-10-01T18:52:32+00:00","dateModified":"2025-10-11T13:44:36+00:00","description":"DEMO J.V. staat in Belgi\u00eb tot uw beschikking voor al uw behoeften op het gebied van sloopwerkzaamheden, grondwerken en meer. Neem contact met ons op!","breadcrumb":{"@id":"https:\/\/demojv.be\/nl\/contact\/#breadcrumb"},"inLanguage":"nl-NL","potentialAction":[{"@type":"ReadAction","target":["https:\/\/demojv.be\/nl\/contact\/"]}]},{"@type":"ImageObject","inLanguage":"nl-NL","@id":"https:\/\/demojv.be\/nl\/contact\/#primaryimage","url":"https:\/\/i0.wp.com\/demojv.be\/wp-content\/uploads\/demojv-logo-white-background-170x190-1.webp?fit=170%2C190&ssl=1","contentUrl":"https:\/\/i0.wp.com\/demojv.be\/wp-content\/uploads\/demojv-logo-white-background-170x190-1.webp?fit=170%2C190&ssl=1","width":170,"height":190},{"@type":"BreadcrumbList","@id":"https:\/\/demojv.be\/nl\/contact\/#breadcrumb","itemListElement":[{"@type":"ListItem","position":1,"name":"Accueil","item":"https:\/\/demojv.be\/nl\/home\/"},{"@type":"ListItem","position":2,"name":"contact"}]},{"@type":"WebSite","@id":"https:\/\/demojv.be\/nl\/#website","url":"https:\/\/demojv.be\/nl\/","name":"DemoJV","description":"Votre partenaire en travaux de d\u00e9molition","potentialAction":[{"@type":"SearchAction","target":{"@type":"EntryPoint","urlTemplate":"https:\/\/demojv.be\/nl\/?s={search_term_string}"},"query-input":{"@type":"PropertyValueSpecification","valueRequired":true,"valueName":"search_term_string"}}],"inLanguage":"nl-NL"}]}},"jetpack_shortlink":"https:\/\/wp.me\/Pfa9sH-7l","jetpack_sharing_enabled":true,"_links":{"self":[{"href":"https:\/\/demojv.be\/nl\/wp-json\/wp\/v2\/pages\/455","targetHints":{"allow":["GET"]}}],"collection":[{"href":"https:\/\/demojv.be\/nl\/wp-json\/wp\/v2\/pages"}],"about":[{"href":"https:\/\/demojv.be\/nl\/wp-json\/wp\/v2\/types\/page"}],"author":[{"embeddable":true,"href":"https:\/\/demojv.be\/nl\/wp-json\/wp\/v2\/users\/1"}],"replies":[{"embeddable":true,"href":"https:\/\/demojv.be\/nl\/wp-json\/wp\/v2\/comments?post=455"}],"version-history":[{"count":22,"href":"https:\/\/demojv.be\/nl\/wp-json\/wp\/v2\/pages\/455\/revisions"}],"predecessor-version":[{"id":977,"href":"https:\/\/demojv.be\/nl\/wp-json\/wp\/v2\/pages\/455\/revisions\/977"}],"wp:featuredmedia":[{"embeddable":true,"href":"https:\/\/demojv.be\/nl\/wp-json\/wp\/v2\/media\/21"}],"wp:attachment":[{"href":"https:\/\/demojv.be\/nl\/wp-json\/wp\/v2\/media?parent=455"}],"curies":[{"name":"wp","href":"https:\/\/api.w.org\/{rel}","templated":true}]}}